{"id":98,"date":"2025-06-10T06:33:48","date_gmt":"2025-06-10T06:33:48","guid":{"rendered":"https:\/\/40zero.es\/?page_id=98"},"modified":"2025-06-12T08:17:52","modified_gmt":"2025-06-12T08:17:52","slug":"impressum","status":"publish","type":"page","link":"https:\/\/40zero.es\/de\/impressum\/","title":{"rendered":"Rechtliche Hinweise"},"content":{"rendered":"<p><strong>IDENTIT\u00c4T DES WEBSITE-EIGENT\u00dcMERS<\/strong><\/p>\n\n\n\n<p><strong>Handelsname:\u00a0<\/strong>40null<\/p>\n\n\n\n<p><strong>Name der Firma: <\/strong>Pablo F\u00e9lix Giaccio Lindemann (von nun an DER EIGENT\u00dcMER DER WEBSITE)<\/p>\n\n\n\n<p><strong>NIF:\u00a0<\/strong>X4667612S<\/p>\n\n\n\n<p><strong>Adresse:<\/strong> MEISTER JUAN DE DIOS PARDO, 34, C ALBATERA, 3340, ALICANTE<\/p>\n\n\n\n<p><strong>Telefon:<\/strong> +34660632291<\/p>\n\n\n\n<p><strong>E-Mail:<\/strong> info@40zero.es<\/p>\n\n\n\n<p><strong>RECHTLICHE BEDINGUNGEN<\/strong><\/p>\n\n\n\n<p>Durch die Nutzung dieser Website wird der Benutzer zum Site-Benutzer, was die Annahme dieser Bedingungen in der zum Zeitpunkt der Zugriffsberechtigung ver\u00f6ffentlichten Fassung voraussetzt. DER INHABER DER WEBSITE empfiehlt dem Benutzer daher, diese Bedingungen bei jedem Zugriff auf die Website sorgf\u00e4ltig zu lesen. Der Zugriff auf bestimmte Inhalte dieser Website kann bestimmten besonderen Bedingungen unterliegen, die je nach Fall diese Allgemeinen Gesch\u00e4ftsbedingungen ersetzen, erg\u00e4nzen und\/oder \u00e4ndern. Daher muss der Benutzer vor dem Zugriff auf und\/oder der Nutzung dieser Inhalte auch die entsprechenden besonderen Bedingungen sorgf\u00e4ltig lesen. DER INHABER DER WEBSITE kann das Design, die Pr\u00e4sentation und\/oder die Konfiguration der Website sowie einige oder alle Inhalte jederzeit und ohne vorherige Ank\u00fcndigung \u00e4ndern und die f\u00fcr ihre Nutzung erforderlichen Allgemeinen Gesch\u00e4ftsbedingungen und\/oder besonderen Bedingungen \u00e4ndern.<\/p>\n\n\n\n<p><strong>VERANTWORTUNG UND GARANTIE DES WEBSITE-EIGENT\u00dcMERS<\/strong><\/p>\n\n\n\n<p><strong>ZUGANG<\/strong><\/p>\n\n\n\n<p>Der Zugriff auf die Website ist grunds\u00e4tzlich frei und kostenlos. Der Inhaber beh\u00e4lt sich jedoch das Recht vor, den Zugriff auf bestimmte Bereiche der Website gem\u00e4\u00df der geltenden Gesetzgebung einzuschr\u00e4nken. In diesen F\u00e4llen ist eine Registrierung durch Angabe aller angeforderten, aktuellen und korrekten Informationen (siehe Datenschutzerkl\u00e4rung) Voraussetzung f\u00fcr den Zugriff auf den Dienst. Das Passwort ist pers\u00f6nlich und nicht \u00fcbertragbar; seine Weitergabe an Dritte, auch vor\u00fcbergehend, ist untersagt. Der Nutzer verpflichtet sich, das Passwort sorgf\u00e4ltig zu behandeln und die volle Verantwortung f\u00fcr die Folgen der Weitergabe an Dritte zu \u00fcbernehmen.<\/p>\n\n\n\n<p><strong>INHALT<\/strong><\/p>\n\n\n\n<p>Der Inhaber der Website beh\u00e4lt sich das Recht vor, den Zugriff auf seine Website sowie die Bereitstellung aller oder einzelner Inhalte jederzeit und ohne Vorank\u00fcndigung aus technischen, Sicherheits-, Kontroll- oder Wartungsgr\u00fcnden, aufgrund von Stromausf\u00e4llen oder aus anderen Gr\u00fcnden zu unterbrechen. Diese Unterbrechung kann vor\u00fcbergehend oder dauerhaft sein. In diesem Fall werden die Nutzer dar\u00fcber informiert und k\u00f6nnen gegebenenfalls die in den verschiedenen Diensten gespeicherten Informationen verlieren. Der Inhaber der Website \u00fcbernimmt daher keine Garantie f\u00fcr die Zuverl\u00e4ssigkeit, Verf\u00fcgbarkeit oder Kontinuit\u00e4t seiner Website oder ihrer Inhalte, weder seiner eigenen noch der anderer Websites, auf die \u00fcber Links zugegriffen werden kann. Die Nutzung dieser Inhalte erfolgt daher auf eigenes Risiko der Nutzer, und der Inhaber der Website kann diesbez\u00fcglich zu keinem Zeitpunkt haftbar gemacht werden. Der Inhaber der Website haftet nicht f\u00fcr Sch\u00e4den, Verluste, Anspr\u00fcche oder Kosten jeglicher Art, die sich aus \u00fcber die Website erworbenen oder abgerufenen Informationen, Computerviren, Betriebsst\u00f6rungen, Dienst- oder \u00dcbertragungsunterbrechungen oder Leitungsausf\u00e4llen ergeben. Es ist Ihnen untersagt, \u00fcber die Website illegale oder unerlaubte Inhalte, Computerviren oder Nachrichten zu \u00fcbertragen oder zu senden, die im Allgemeinen die Rechte des WEBSITE-EIGENT\u00dcMERS oder Dritter beeintr\u00e4chtigen oder verletzen.<\/p>\n\n\n\n<p><strong>GEWERBLICHES UND GEISTIGES EIGENTUM<\/strong><\/p>\n\n\n\n<p>Diese Website ist Eigentum des Eigent\u00fcmers der Website. Sofern nicht anders angegeben, liegen die geistigen Eigentumsrechte und die Verwertungs- und Vervielf\u00e4ltigungsrechte an dieser Website, ihren Seiten, Bildschirmen, den darin enthaltenen Informationen, ihrem Erscheinungsbild und Design sowie den von ihr zu anderen Seiten f\u00fchrenden Links ausschlie\u00dflich bei diesem. Alle auf dieser Seite enthaltenen Namen, Designs und\/oder Logos sind ordnungsgem\u00e4\u00df eingetragene Marken. Jede unbefugte Verwendung dieser durch andere als den rechtm\u00e4\u00dfigen Eigent\u00fcmer kann gem\u00e4\u00df der geltenden Gesetzgebung strafrechtlich verfolgt werden. Die geistigen Eigentumsrechte und Marken Dritter sind entsprechend hervorgehoben und von allen Besuchern der Website zu respektieren. Das Herunterladen, Kopieren oder Ausdrucken von Inhalten dieser Website ist nur f\u00fcr den pers\u00f6nlichen und privaten Gebrauch gestattet. Die Vervielf\u00e4ltigung, \u00dcbertragung, \u00c4nderung oder L\u00f6schung von Informationen, Inhalten oder Warnungen dieser Website ist ohne vorherige schriftliche Genehmigung des Eigent\u00fcmers der Website untersagt.<\/p>\n\n\n\n<p><strong>ANWENDBARES RECHT<\/strong><\/p>\n\n\n\n<p>Diese Allgemeinen Gesch\u00e4ftsbedingungen unterliegen spanischem Recht.<\/p>\n\n\n\n<p><strong>DATENSCHUTZRICHTLINIE<\/strong><\/p>\n\n\n\n<p>Gem\u00e4\u00df den geltenden Vorschriften zum Schutz personenbezogener Daten informiert Sie der Eigent\u00fcmer der Website, dass alle personenbezogenen Daten, die Sie beim Besuch unserer Website angeben, in ein Datenverarbeitungssystem unter der Verantwortung des Eigent\u00fcmers der Website ausschlie\u00dflich zum Zweck der Bearbeitung Ihrer Anfrage aufgenommen werden. Nur mit ausdr\u00fccklicher Zustimmung des Nutzers sendet Ihnen der Eigent\u00fcmer der Website technische, betriebliche und kommerzielle Informationen \u00fcber Produkte, Dienstleistungen, Angebote und Neuigkeiten, die unserer Ansicht nach f\u00fcr Sie von Interesse sind, auf jeglichem Wege, einschlie\u00dflich per E-Mail und\/oder auf vergleichbarem Wege. Der Eigent\u00fcmer der Website verpflichtet sich, seiner Verpflichtung zur Wahrung der Vertraulichkeit personenbezogener Daten und seiner Pflicht zu deren Aufbewahrung nachzukommen und die notwendigen Ma\u00dfnahmen zu ergreifen, um deren Ver\u00e4nderung, Verlust, Verarbeitung oder unbefugten Zugriff zu verhindern. Dabei wird stets der Stand der Technik ber\u00fccksichtigt und die technischen und organisatorischen Sicherheitsma\u00dfnahmen eingehalten. Schlie\u00dflich informieren wir Sie \u00fcber die M\u00f6glichkeit, Ihre Rechte auf Zugang, Berichtigung, L\u00f6schung und Widerspruch mittels eines an den Systemadministrator zu richtenden Formulars auszu\u00fcben.<\/p>","protected":false},"excerpt":{"rendered":"<p>IDENTIDAD DEL TITULAR DEL SITIO WEB Nombre comercial:\u00a040zero Denominaci\u00f3n social: Pablo F\u00e9lix Giaccio Lindemann (desde ahora EL TITULAR DEL WEB) NIF:\u00a0X4667612S Direcci\u00f3n: MAESTRO JUAN DE DIOS PARDO, 34, C ALBATERA, [&hellip;]<\/p>\n","protected":false},"author":1,"featured_media":0,"parent":0,"menu_order":0,"comment_status":"closed","ping_status":"closed","template":"","meta":{"footnotes":""},"class_list":["post-98","page","type-page","status-publish","hentry"],"_links":{"self":[{"href":"https:\/\/40zero.es\/de\/wp-json\/wp\/v2\/pages\/98","targetHints":{"allow":["GET"]}}],"collection":[{"href":"https:\/\/40zero.es\/de\/wp-json\/wp\/v2\/pages"}],"about":[{"href":"https:\/\/40zero.es\/de\/wp-json\/wp\/v2\/types\/page"}],"author":[{"embeddable":true,"href":"https:\/\/40zero.es\/de\/wp-json\/wp\/v2\/users\/1"}],"replies":[{"embeddable":true,"href":"https:\/\/40zero.es\/de\/wp-json\/wp\/v2\/comments?post=98"}],"version-history":[{"count":2,"href":"https:\/\/40zero.es\/de\/wp-json\/wp\/v2\/pages\/98\/revisions"}],"predecessor-version":[{"id":276,"href":"https:\/\/40zero.es\/de\/wp-json\/wp\/v2\/pages\/98\/revisions\/276"}],"wp:attachment":[{"href":"https:\/\/40zero.es\/de\/wp-json\/wp\/v2\/media?parent=98"}],"curies":[{"name":"wp","href":"https:\/\/api.w.org\/{rel}","templated":true}]}}