{"id":93,"date":"2025-06-10T06:32:44","date_gmt":"2025-06-10T06:32:44","guid":{"rendered":"https:\/\/40zero.es\/?page_id=93"},"modified":"2025-06-12T08:11:39","modified_gmt":"2025-06-12T08:11:39","slug":"declaration-daccessibilite","status":"publish","type":"page","link":"https:\/\/40zero.es\/fr\/declaration-daccessibilite\/","title":{"rendered":"D\u00e9claration d&#039;accessibilit\u00e9"},"content":{"rendered":"<p>Nous nous engageons \u00e0 rendre notre site Web accessible conform\u00e9ment aux <a href=\"https:\/\/www.boe.es\/buscar\/act.php?id=BOE-A-2018-12699\" target=\"_blank\" rel=\"noopener\">D\u00e9cret royal 1112\/2018, du 7 septembre<\/a>, sur l&#039;accessibilit\u00e9 des sites Web et des applications mobiles dans le secteur public (ci-apr\u00e8s, d\u00e9cret royal 1112\/2018, du 7 septembre).<\/p>\n\n\n\n<p><strong>\u00c9tat de conformit\u00e9<\/strong><\/p>\n\n\n\n<p>Ce site Web est <strong>partiellement conforme<\/strong> avec le d\u00e9cret royal 1112\/2018, du 7 septembre, en raison du non-respect des aspects indiqu\u00e9s ci-dessous.<\/p>\n\n\n\n<p><strong>Contenu non accessible<\/strong><\/p>\n\n\n\n<p>Le contenu ci-dessous n&#039;est pas accessible pour les raisons suivantes :<\/p>\n\n\n\n<ol class=\"wp-block-list\">\n<li><strong>Une charge disproportionn\u00e9e<\/strong>: : non applicable.<\/li>\n<\/ol>\n\n\n\n<p><strong>Pr\u00e9paration de cette d\u00e9claration d&#039;accessibilit\u00e9<\/strong><\/p>\n\n\n\n<p>Cette d\u00e9claration a \u00e9t\u00e9 pr\u00e9par\u00e9e le 12 juin 2025.<\/p>\n\n\n\n<p>La m\u00e9thode utilis\u00e9e pour pr\u00e9parer la d\u00e9claration \u00e9tait une auto-\u00e9valuation r\u00e9alis\u00e9e par l\u2019agence elle-m\u00eame.<\/p>\n\n\n\n<p><strong>Commentaires et coordonn\u00e9es<\/strong><\/p>\n\n\n\n<p>Vous pouvez faire des communications sur les exigences d&#039;accessibilit\u00e9 (article 10.2.a) du d\u00e9cret royal 1112\/2018, du 7 septembre) telles que, par exemple :<\/p>\n\n\n\n<ul class=\"wp-block-list\">\n<li>Signalez toute non-conformit\u00e9 potentielle de ce site Web.<\/li>\n\n\n\n<li>Transmettre d&#039;autres difficult\u00e9s d&#039;acc\u00e8s au contenu.<\/li>\n\n\n\n<li>Faites toute autre question ou suggestion d\u2019am\u00e9lioration li\u00e9e \u00e0 l\u2019accessibilit\u00e9 du site Web.<\/li>\n<\/ul>\n\n\n\n<p>Par les canaux suivants :<\/p>\n\n\n\n<ul class=\"wp-block-list\">\n<li>Courriel : info@40zero.es<\/li>\n\n\n\n<li>T\u00e9l\u00e9phone : +34660632291<\/li>\n<\/ul>\n\n\n\n<p>Les communications seront re\u00e7ues et trait\u00e9es par la direction de l&#039;entreprise, en tant qu&#039;unit\u00e9 responsable du contenu de ce site Web.<\/p>\n\n\n\n<p><strong>Contenu facultatif<\/strong><\/p>\n\n\n\n<p>La version actuellement visible de ce site Web date de juin 2025 et le niveau d&#039;accessibilit\u00e9 actuel a \u00e9t\u00e9 r\u00e9vis\u00e9 \u00e0 cette date.<\/p>\n\n\n\n<p>\u00c0 partir de cette date, des r\u00e9visions partielles quotidiennes des contenus Web nouveaux ou modifi\u00e9s, tant des mod\u00e8les que des pages et documents finaux publi\u00e9s, sont effectu\u00e9es pour garantir le respect des exigences d&#039;accessibilit\u00e9 de la norme UNE-EN 301549:2019, compte tenu des exceptions du d\u00e9cret royal 1112\/2018 du 7 septembre.<\/p>\n\n\n\n<p>Entre autres, les mesures suivantes sont adopt\u00e9es pour faciliter l\u2019accessibilit\u00e9 :<\/p>\n\n\n\n<ul class=\"wp-block-list\">\n<li>Utilisation de texte alternatif sur les images<\/li>\n\n\n\n<li>Les liens fournissent des d\u00e9tails sur la fonction ou la destination de l&#039;hyperlien.<\/li>\n\n\n\n<li>Utilisation des normes W3C : XHTML 1.0, CSS 3.0, WAI AA.<\/li>\n<\/ul>","protected":false},"excerpt":{"rendered":"<p>Estamos comprometidos a hacer accesible nuestro sitio web de conformidad con el Real Decreto 1112\/2018, de 7 de septiembre, sobre accesibilidad de los sitios web y aplicaciones para dispositivos m\u00f3viles [&hellip;]<\/p>\n","protected":false},"author":1,"featured_media":0,"parent":0,"menu_order":0,"comment_status":"closed","ping_status":"closed","template":"","meta":{"footnotes":""},"class_list":["post-93","page","type-page","status-publish","hentry"],"_links":{"self":[{"href":"https:\/\/40zero.es\/fr\/wp-json\/wp\/v2\/pages\/93","targetHints":{"allow":["GET"]}}],"collection":[{"href":"https:\/\/40zero.es\/fr\/wp-json\/wp\/v2\/pages"}],"about":[{"href":"https:\/\/40zero.es\/fr\/wp-json\/wp\/v2\/types\/page"}],"author":[{"embeddable":true,"href":"https:\/\/40zero.es\/fr\/wp-json\/wp\/v2\/users\/1"}],"replies":[{"embeddable":true,"href":"https:\/\/40zero.es\/fr\/wp-json\/wp\/v2\/comments?post=93"}],"version-history":[{"count":2,"href":"https:\/\/40zero.es\/fr\/wp-json\/wp\/v2\/pages\/93\/revisions"}],"predecessor-version":[{"id":278,"href":"https:\/\/40zero.es\/fr\/wp-json\/wp\/v2\/pages\/93\/revisions\/278"}],"wp:attachment":[{"href":"https:\/\/40zero.es\/fr\/wp-json\/wp\/v2\/media?parent=93"}],"curies":[{"name":"wp","href":"https:\/\/api.w.org\/{rel}","templated":true}]}}