{"id":95,"date":"2025-06-10T06:33:02","date_gmt":"2025-06-10T06:33:02","guid":{"rendered":"https:\/\/40zero.es\/?page_id=95"},"modified":"2025-06-12T08:17:50","modified_gmt":"2025-06-12T08:17:50","slug":"politique-relative-aux-cookies","status":"publish","type":"page","link":"https:\/\/40zero.es\/fr\/politique-relative-aux-cookies\/","title":{"rendered":"Politique relative aux cookies"},"content":{"rendered":"<p><strong>Que sont les cookies ?<\/strong><\/p>\n\n\n\n<p>Les cookies sont de petits fichiers de donn\u00e9es enregistr\u00e9s sur votre appareil par le site web que vous consultez. Ils enregistrent certaines interactions de navigation sur un site web et stockent des donn\u00e9es qui peuvent \u00eatre mises \u00e0 jour et r\u00e9cup\u00e9r\u00e9es. Ces fichiers sont stock\u00e9s sur l&#039;ordinateur de l&#039;utilisateur et contiennent des donn\u00e9es anonymes qui ne sont pas nuisibles \u00e0 votre appareil. Ils servent \u00e0 m\u00e9moriser les pr\u00e9f\u00e9rences de l&#039;utilisateur, telles que la langue s\u00e9lectionn\u00e9e, les informations de connexion ou la personnalisation des pages.<\/p>\n\n\n\n<p>Les cookies peuvent \u00e9galement \u00eatre utilis\u00e9s pour enregistrer des informations anonymes sur la fa\u00e7on dont un visiteur utilise le site. Par exemple, la page web \u00e0 partir de laquelle il a acc\u00e9d\u00e9 au site ou s&#039;il a utilis\u00e9 une banni\u00e8re publicitaire pour y acc\u00e9der.<\/p>\n\n\n\n<p><strong>Pourquoi ce site utilise des cookies ?<\/strong><\/p>\n\n\n\n<p>Ce site web utilise des cookies strictement n\u00e9cessaires et indispensables \u00e0 votre navigation et vous permettent de naviguer librement, d&#039;utiliser des zones s\u00e9curis\u00e9es, de personnaliser vos options, etc. Il utilise \u00e9galement des cookies qui collectent des donn\u00e9es relatives \u00e0 l&#039;analyse de l&#039;utilisation du site web. Ces cookies permettent d&#039;am\u00e9liorer le service offert aux utilisateurs, en mesurant l&#039;utilisation et les performances de la page afin de l&#039;optimiser et de la personnaliser.<\/p>\n\n\n\n<p>Nos sites peuvent \u00e9galement contenir des liens vers des r\u00e9seaux sociaux (tels que Facebook ou Twitter). Ce site web ne contr\u00f4le pas les cookies utilis\u00e9s par ces sites tiers. Pour plus d&#039;informations sur les cookies des r\u00e9seaux sociaux ou d&#039;autres sites tiers, nous vous recommandons de consulter leurs propres politiques en mati\u00e8re de cookies.<\/p>\n\n\n\n<p><strong>Quelle utilit\u00e9 donnons-nous aux diff\u00e9rents types de cookies ?<\/strong><\/p>\n\n\n\n<p><strong>Selon son objectif :<\/strong><\/p>\n\n\n\n<p>Cookies techniques<\/p>\n\n\n\n<p>Les cookies sont des techniques essentielles et strictement n\u00e9cessaires au bon fonctionnement d&#039;un portail Web et \u00e0 l&#039;utilisation des diff\u00e9rentes options et services qu&#039;il propose.<\/p>\n\n\n\n<p><br>Par exemple, ceux utilis\u00e9s pour la maintenance des sessions, la gestion des temps de r\u00e9ponse, la validation des performances ou des options, l&#039;utilisation d&#039;\u00e9l\u00e9ments de s\u00e9curit\u00e9, le partage de contenu avec les r\u00e9seaux sociaux, etc.<\/p>\n\n\n\n<p>Cookies de personnalisation<\/p>\n\n\n\n<p>Ces cookies permettent \u00e0 l&#039;utilisateur de sp\u00e9cifier ou de personnaliser certaines fonctionnalit\u00e9s des param\u00e8tres g\u00e9n\u00e9raux du site web. Par exemple, d\u00e9finir la langue, les param\u00e8tres r\u00e9gionaux ou le type de navigateur.<\/p>\n\n\n\n<p>Cookies analytiques<\/p>\n\n\n\n<p>Les cookies analytiques sont utilis\u00e9s par nos portails Web pour cr\u00e9er des profils de navigation et comprendre les pr\u00e9f\u00e9rences des utilisateurs afin d&#039;am\u00e9liorer l&#039;offre de produits et de services.<\/p>\n\n\n\n<p>Par exemple, un cookie analytique surveillerait les zones g\u00e9ographiques qui int\u00e9ressent le plus un utilisateur, le produit le plus populaire, etc.<\/p>\n\n\n\n<p>Cookies publicitaires<\/p>\n\n\n\n<p>Les cookies publicitaires permettent de g\u00e9rer les espaces publicitaires selon des crit\u00e8res sp\u00e9cifiques, tels que la fr\u00e9quence d&#039;acc\u00e8s, le contenu \u00e9dit\u00e9, etc.<\/p>\n\n\n\n<p>Les cookies publicitaires permettent, gr\u00e2ce \u00e0 la gestion de la publicit\u00e9, de stocker des informations comportementales en observant les habitudes, en analysant les acc\u00e8s et en cr\u00e9ant un profil de pr\u00e9f\u00e9rences de l&#039;utilisateur, afin de proposer des publicit\u00e9s li\u00e9es aux int\u00e9r\u00eats de l&#039;utilisateur.<\/p>\n\n\n\n<p><strong>Selon le d\u00e9lai :<\/strong><\/p>\n\n\n\n<p>Cookies de session<\/p>\n\n\n\n<p>Les cookies de session sont ceux qui durent aussi longtemps que l&#039;utilisateur navigue sur le site Web et sont supprim\u00e9s lorsqu&#039;il a termin\u00e9 sa navigation.<\/p>\n\n\n\n<p>Cookies persistants<\/p>\n\n\n\n<p>Ces cookies restent stock\u00e9s sur l&#039;appareil de l&#039;utilisateur pendant une p\u00e9riode plus longue, ce qui facilite le contr\u00f4le des pr\u00e9f\u00e9rences choisies sans avoir \u00e0 r\u00e9p\u00e9ter certains param\u00e8tres \u00e0 chaque fois que le site Web est visit\u00e9.<\/p>\n\n\n\n<p><strong>Que faire si je ne veux pas de ces cookies ou si je ne fais rien ?<\/strong><\/p>\n\n\n\n<p>Conform\u00e9ment \u00e0 la l\u00e9gislation en vigueur, nous devons vous demander votre autorisation pour g\u00e9rer les cookies. Si vous refusez le traitement de vos donn\u00e9es en indiquant votre opposition, nous utiliserons uniquement des cookies techniques, indispensables \u00e0 la navigation sur notre site web. Dans ce cas, nous n&#039;enregistrerons aucun cookie. Si vous continuez \u00e0 naviguer sur notre site web sans refuser votre consentement, cela implique que vous acceptez leur utilisation.<\/p>\n\n\n\n<p>Veuillez noter que si vous refusez ou supprimez les cookies pendant que vous naviguez sur le site Web, nous ne pourrons pas conserver vos pr\u00e9f\u00e9rences, certaines fonctionnalit\u00e9s des pages ne fonctionneront pas, nous ne pourrons pas vous offrir de services personnalis\u00e9s et chaque fois que vous naviguerez sur notre site Web, nous devrons demander \u00e0 nouveau votre autorisation pour utiliser les cookies.<\/p>\n\n\n\n<p>Si toutefois vous d\u00e9cidez de modifier vos param\u00e8tres d&#039;acc\u00e8s au site Web, sachez que vous pouvez supprimer les cookies ou emp\u00eacher l&#039;enregistrement de ces informations sur votre ordinateur \u00e0 tout moment en modifiant les param\u00e8tres de votre navigateur :<\/p>\n\n\n\n<ul class=\"wp-block-list\">\n<li><a href=\"https:\/\/windows.microsoft.com\/es-es\/windows-vista\/block-or-allow-cookies\" target=\"_blank\" rel=\"noopener\">Configuration de <em>cookies<\/em> depuis Internet Explorer<\/a><\/li>\n\n\n\n<li><a href=\"https:\/\/support.mozilla.org\/ca\/kb\/enable-and-disable-cookies-website-preferences\" target=\"_blank\" rel=\"noopener\">Configuration de <em>cookies<\/em> depuis Firefox<\/a><\/li>\n\n\n\n<li><a href=\"https:\/\/support.google.com\/chrome\/answer\/95647?hl=ca\" target=\"_blank\" rel=\"noopener\">Configuration de <em>cookies<\/em> depuis Google Chrome<\/a><\/li>\n\n\n\n<li><a href=\"https:\/\/support.apple.com\/kb\/HT1677?viewlocale=es_ES&amp;locale=es_ES\" target=\"_blank\" rel=\"noopener\">Configuration de <em>cookies<\/em> depuis Safari<\/a><\/li>\n<\/ul>\n\n\n\n<p>Ces navigateurs sont susceptibles d&#039;\u00eatre mis \u00e0 jour ou modifi\u00e9s\u00a0; nous ne pouvons donc pas garantir qu&#039;ils seront enti\u00e8rement compatibles avec votre version. Vous utilisez peut-\u00eatre un autre navigateur non r\u00e9pertori\u00e9 dans ces liens, tel que Konqueror, Arora, Flock, etc.<\/p>\n\n\n\n<p>Pour \u00e9viter ces probl\u00e8mes, vous pouvez y acc\u00e9der directement depuis les param\u00e8tres de votre navigateur, g\u00e9n\u00e9ralement situ\u00e9s dans la section \u00ab\u00a0Confidentialit\u00e9\u00a0\u00bb du menu \u00ab\u00a0Options\u00a0\u00bb. (Veuillez consulter l&#039;aide de votre navigateur pour plus d&#039;informations.)<\/p>\n\n\n\n<p><strong>Les donn\u00e9es collect\u00e9es dans les cookies sont-elles utilis\u00e9es sur des sites Web autres que CE SITE WEB ?<\/strong><\/p>\n\n\n\n<p>Certains de nos cookies sont utilis\u00e9s pour g\u00e9n\u00e9rer des publicit\u00e9s sur des r\u00e9seaux tiers ou pour r\u00e9aliser des analyses, pour lesquelles nous utilisons des outils externes \u00e0 CE SITE WEB. Les cookies utilis\u00e9s sont r\u00e9serv\u00e9s \u00e0 l&#039;usage exclusif de la banque et de son groupe, qui ne les commercialisent en aucun cas.<\/p>\n\n\n\n<p>Sur ce site Web, nous travaillons avec des fournisseurs de confiance qui nous aident \u00e0 g\u00e9rer et \u00e0 personnaliser nos pages Web.<\/p>\n\n\n\n<p><strong>Alors, que signifient les informations ci-dessus ?<\/strong><\/p>\n\n\n\n<p>En acceptant nos cookies, vous nous autorisez \u00e0 am\u00e9liorer les sites Internet de CE SITE WEB afin de vous offrir un acc\u00e8s optimal et de vous fournir un service plus efficace et personnalis\u00e9.<\/p>\n\n\n\n<p>De plus, vous pouvez configurer votre navigateur pour autoriser uniquement les sites Web ou les pages de confiance que vous consultez actuellement \u00e0 g\u00e9rer les cookies, vous permettant ainsi de s\u00e9lectionner vos pr\u00e9f\u00e9rences.<\/p>\n\n\n\n<p>Par cette politique, CE SITE WEB d\u00e9montre son engagement envers la l\u00e9gislation en vigueur sur l&#039;utilisation des cookies, en vous fournissant des informations vous permettant de comprendre quels types de cookies nous utilisons et pourquoi. Notre objectif est de vous offrir une transparence sur les donn\u00e9es trait\u00e9es lorsque vous naviguez sur notre site web depuis votre appareil.<\/p>\n\n\n\n<p>Cette politique est r\u00e9vis\u00e9e p\u00e9riodiquement afin de garantir sa validit\u00e9 et peut donc \u00eatre modifi\u00e9e. Nous vous recommandons de consulter r\u00e9guli\u00e8rement cette page\u00a0; nous vous informerons de toute mise \u00e0 jour.<\/p>\n\n\n\n<p><strong>O\u00f9 puis-je obtenir plus d\u2019informations ?<\/strong><\/p>\n\n\n\n<p>Pour plus d&#039;informations sur la politique relative aux cookies, veuillez consulter le Journal officiel de l&#039;\u00c9tat publi\u00e9 le 31 mars 2012 (pour l&#039;Espagne), qui transpose les directives sur les communications \u00e9lectroniques. La directive est \u00e9galement consultable \u00e0 l&#039;adresse suivante\u00a0:<a href=\"https:\/\/ico.org.uk\/\" target=\"_blank\" rel=\"noopener\"> Bureau du Commissaire \u00e0 l&#039;information<\/a> (En anglais).<\/p>\n\n\n\n<p>De plus, vous pouvez acc\u00e9der \u00e0 certaines vid\u00e9os \u00e9ducatives publi\u00e9es par l&#039;Agence espagnole de protection des donn\u00e9es qui expliquent, \u00e9tape par \u00e9tape, comment configurer les options de confidentialit\u00e9 des navigateurs, r\u00e9seaux sociaux et syst\u00e8mes d&#039;exploitation mobiles les plus courants, en<a href=\"https:\/\/www.youtube.com\/user\/desdelaAEPD\" target=\"_blank\" rel=\"noopener\"> Vid\u00e9os AEPD<\/a>.<\/p>","protected":false},"excerpt":{"rendered":"<p>\u00bfQu\u00e9 son las cookies? Las cookies son peque\u00f1os archivos de datos que se reciben en el terminal desde el sitio web visitado y se usan para registrar ciertas interacciones de [&hellip;]<\/p>\n","protected":false},"author":1,"featured_media":0,"parent":0,"menu_order":0,"comment_status":"closed","ping_status":"closed","template":"","meta":{"footnotes":""},"class_list":["post-95","page","type-page","status-publish","hentry"],"_links":{"self":[{"href":"https:\/\/40zero.es\/fr\/wp-json\/wp\/v2\/pages\/95","targetHints":{"allow":["GET"]}}],"collection":[{"href":"https:\/\/40zero.es\/fr\/wp-json\/wp\/v2\/pages"}],"about":[{"href":"https:\/\/40zero.es\/fr\/wp-json\/wp\/v2\/types\/page"}],"author":[{"embeddable":true,"href":"https:\/\/40zero.es\/fr\/wp-json\/wp\/v2\/users\/1"}],"replies":[{"embeddable":true,"href":"https:\/\/40zero.es\/fr\/wp-json\/wp\/v2\/comments?post=95"}],"version-history":[{"count":2,"href":"https:\/\/40zero.es\/fr\/wp-json\/wp\/v2\/pages\/95\/revisions"}],"predecessor-version":[{"id":275,"href":"https:\/\/40zero.es\/fr\/wp-json\/wp\/v2\/pages\/95\/revisions\/275"}],"wp:attachment":[{"href":"https:\/\/40zero.es\/fr\/wp-json\/wp\/v2\/media?parent=95"}],"curies":[{"name":"wp","href":"https:\/\/api.w.org\/{rel}","templated":true}]}}