{"id":98,"date":"2025-06-10T06:33:48","date_gmt":"2025-06-10T06:33:48","guid":{"rendered":"https:\/\/40zero.es\/?page_id=98"},"modified":"2025-06-12T08:17:52","modified_gmt":"2025-06-12T08:17:52","slug":"mentions-legales","status":"publish","type":"page","link":"https:\/\/40zero.es\/fr\/mentions-legales\/","title":{"rendered":"Mentions l\u00e9gales"},"content":{"rendered":"<p><strong>IDENTIT\u00c9 DU PROPRI\u00c9TAIRE DU SITE WEB<\/strong><\/p>\n\n\n\n<p><strong>Nom commercial :\u00a0<\/strong>40z\u00e9ro<\/p>\n\n\n\n<p><strong>Nom de l&#039;entreprise: <\/strong>Pablo F\u00e9lix Giaccio Lindemann (d\u00e9sormais PROPRI\u00c9TAIRE DU SITE WEB)<\/p>\n\n\n\n<p><strong>NIF:\u00a0<\/strong>X4667612S<\/p>\n\n\n\n<p><strong>Adresse:<\/strong> MA\u00ceTRE JUAN DE DIOS PARDO, 34, C ALBATERA, 3340, ALICANTE<\/p>\n\n\n\n<p><strong>T\u00e9l\u00e9phone:<\/strong> +34660632291<\/p>\n\n\n\n<p><strong>e-mail:<\/strong> info@40zero.es<\/p>\n\n\n\n<p><strong>CONDITIONS G\u00c9N\u00c9RALES JURIDIQUES<\/strong><\/p>\n\n\n\n<p>L&#039;utilisation de ce site web conf\u00e8re \u00e0 l&#039;utilisateur le statut d&#039;utilisateur, ce qui implique l&#039;acceptation des pr\u00e9sentes conditions g\u00e9n\u00e9rales dans la version publi\u00e9e au moment de l&#039;acc\u00e8s. Par cons\u00e9quent, le PROPRI\u00c9TAIRE DU SITE WEB recommande \u00e0 l&#039;utilisateur de lire attentivement les pr\u00e9sentes conditions g\u00e9n\u00e9rales avant chaque acc\u00e8s au site web. L&#039;acc\u00e8s \u00e0 certains contenus propos\u00e9s sur ce site web peut \u00eatre soumis \u00e0 des conditions g\u00e9n\u00e9rales sp\u00e9cifiques qui, selon le cas, remplacent, compl\u00e8tent et\/ou modifient les pr\u00e9sentes conditions g\u00e9n\u00e9rales. Par cons\u00e9quent, avant d&#039;acc\u00e9der \u00e0 ces contenus et\/ou de les utiliser, l&#039;utilisateur doit \u00e9galement lire attentivement les conditions g\u00e9n\u00e9rales correspondantes. Le PROPRI\u00c9TAIRE DU SITE WEB se r\u00e9serve le droit de modifier la conception, la pr\u00e9sentation et\/ou la configuration du site web, ainsi que tout ou partie de son contenu, \u00e0 tout moment et sans pr\u00e9avis, et de modifier les conditions g\u00e9n\u00e9rales et\/ou sp\u00e9cifiques requises pour leur utilisation.<\/p>\n\n\n\n<p><strong>RESPONSABILIT\u00c9 ET GARANTIE DU PROPRI\u00c9TAIRE DU SITE WEB<\/strong><\/p>\n\n\n\n<p><strong>ACC\u00c9DER<\/strong><\/p>\n\n\n\n<p>En r\u00e8gle g\u00e9n\u00e9rale, l&#039;acc\u00e8s au site web est libre et gratuit. Cependant, le propri\u00e9taire du site se r\u00e9serve le droit, conform\u00e9ment \u00e0 la l\u00e9gislation en vigueur, de restreindre l&#039;acc\u00e8s \u00e0 certaines zones du site. Dans ce cas, l&#039;acc\u00e8s au service est conditionn\u00e9 par l&#039;inscription de l&#039;utilisateur, qui doit fournir toutes les informations demand\u00e9es, \u00e0 jour et exactes (voir la politique de confidentialit\u00e9). Le mot de passe est personnel et incessible\u00a0; sa transmission, m\u00eame temporaire, \u00e0 des tiers est interdite. \u00c0 cet \u00e9gard, l&#039;utilisateur s&#039;engage \u00e0 faire preuve de diligence raisonnable et \u00e0 le pr\u00e9server de mani\u00e8re confidentielle, assumant l&#039;enti\u00e8re responsabilit\u00e9 des cons\u00e9quences de sa divulgation \u00e0 des tiers.<\/p>\n\n\n\n<p><strong>CONTENU<\/strong><\/p>\n\n\n\n<p>Le PROPRI\u00c9TAIRE DU SITE WEB se r\u00e9serve le droit d&#039;interrompre l&#039;acc\u00e8s \u00e0 son site web, ainsi que la fourniture de tout ou partie du Contenu, \u00e0 tout moment et sans pr\u00e9avis, que ce soit pour des raisons techniques, de s\u00e9curit\u00e9, de contr\u00f4le, de maintenance, de coupure de courant ou pour toute autre raison. Cette interruption peut \u00eatre temporaire ou permanente, auquel cas les Utilisateurs en seront inform\u00e9s, et ils pourront subir la perte, le cas \u00e9ch\u00e9ant, des informations stock\u00e9es dans les diff\u00e9rents services. Par cons\u00e9quent, le PROPRI\u00c9TAIRE DU SITE WEB ne garantit pas la fiabilit\u00e9, la disponibilit\u00e9 ou la continuit\u00e9 de son site web ou de son Contenu, qu&#039;il soit le sien ou celui d&#039;autres sites web accessibles via des liens. Par cons\u00e9quent, toute utilisation de ce Contenu par les Utilisateurs se fait \u00e0 leurs propres risques, et le PROPRI\u00c9TAIRE DU SITE WEB ne saurait \u00eatre tenu responsable \u00e0 cet \u00e9gard. Le PROPRI\u00c9TAIRE DU SITE WEB ne saurait \u00eatre tenu responsable des dommages, pertes, r\u00e9clamations ou d\u00e9penses de toute nature d\u00e9coulant des informations acquises ou consult\u00e9es via le site web, des virus informatiques, des pannes de fonctionnement, des interruptions de service ou de transmission, ou des pannes de ligne. Il vous est interdit de transmettre ou d&#039;envoyer via le site Web tout contenu ill\u00e9gal ou illicite, virus informatiques ou messages qui, en g\u00e9n\u00e9ral, affectent ou violent les droits du PROPRI\u00c9TAIRE DU SITE WEB ou de tiers.<\/p>\n\n\n\n<p><strong>PROPRI\u00c9T\u00c9 INDUSTRIELLE ET INTELLECTUELLE<\/strong><\/p>\n\n\n\n<p>Ce site web est la propri\u00e9t\u00e9 du PROPRI\u00c9TAIRE DU SITE. Les droits de propri\u00e9t\u00e9 intellectuelle, d&#039;exploitation et de reproduction de ce site, de ses pages, de ses \u00e9crans, des informations qu&#039;ils contiennent, de leur apparence et de leur conception, ainsi que des liens vers d&#039;autres pages, lui appartiennent exclusivement, sauf mention contraire. Tous les noms, dessins et\/ou logos figurant sur cette page sont des marques d\u00fbment d\u00e9pos\u00e9es. Toute utilisation non autoris\u00e9e de ces marques par une personne autre que leur propri\u00e9taire l\u00e9gitime pourra faire l&#039;objet de poursuites conform\u00e9ment \u00e0 la l\u00e9gislation en vigueur. Les droits de propri\u00e9t\u00e9 intellectuelle et les marques de tiers sont d\u00fbment mis en \u00e9vidence et doivent \u00eatre respect\u00e9s par toute personne acc\u00e9dant au site. Le t\u00e9l\u00e9chargement, la copie ou l&#039;impression du contenu de toute page de ce site web sont autoris\u00e9s uniquement pour un usage personnel et priv\u00e9. La reproduction, la transmission, la modification ou la suppression des informations, du contenu ou des avertissements de ce site web est interdite sans l&#039;autorisation \u00e9crite pr\u00e9alable du PROPRI\u00c9TAIRE DU SITE.<\/p>\n\n\n\n<p><strong>L\u00c9GISLATION APPLICABLE<\/strong><\/p>\n\n\n\n<p>Les pr\u00e9sentes conditions g\u00e9n\u00e9rales sont r\u00e9gies par la loi espagnole.<\/p>\n\n\n\n<p><strong>POLITIQUE DE CONFIDENTIALIT\u00c9<\/strong><\/p>\n\n\n\n<p>Conform\u00e9ment \u00e0 la r\u00e9glementation en vigueur relative \u00e0 la protection des donn\u00e9es personnelles, le PROPRI\u00c9TAIRE DU SITE vous informe que les donn\u00e9es personnelles que vous pourriez fournir lors de votre navigation sur notre site web seront int\u00e9gr\u00e9es \u00e0 un syst\u00e8me de traitement de donn\u00e9es sous sa responsabilit\u00e9, aux seules fins de traitement de votre demande. Uniquement avec le consentement expr\u00e8s de l&#039;utilisateur, le PROPRI\u00c9TAIRE DU SITE vous enverra des informations techniques, op\u00e9rationnelles et commerciales par tout moyen, y compris par courrier \u00e9lectronique et\/ou par tout moyen \u00e9quivalent, sur les produits, services, offres et actualit\u00e9s susceptibles de vous int\u00e9resser. Le PROPRI\u00c9TAIRE DU SITE s&#039;engage \u00e0 respecter son obligation de confidentialit\u00e9 et de conservation des donn\u00e9es personnelles, et prendra les mesures n\u00e9cessaires pour emp\u00eacher leur alt\u00e9ration, perte, traitement ou acc\u00e8s non autoris\u00e9, en tenant compte \u00e0 tout moment de l&#039;\u00e9tat de la technologie et en respectant les mesures de s\u00e9curit\u00e9 techniques et organisationnelles. Enfin, nous vous informons de la possibilit\u00e9 d&#039;exercer vos droits d&#039;acc\u00e8s, de rectification, d&#039;annulation et d&#039;opposition en remplissant un formulaire adress\u00e9 \u00e0 l&#039;administrateur syst\u00e8me.<\/p>","protected":false},"excerpt":{"rendered":"<p>IDENTIDAD DEL TITULAR DEL SITIO WEB Nombre comercial:\u00a040zero Denominaci\u00f3n social: Pablo F\u00e9lix Giaccio Lindemann (desde ahora EL TITULAR DEL WEB) NIF:\u00a0X4667612S Direcci\u00f3n: MAESTRO JUAN DE DIOS PARDO, 34, C ALBATERA, [&hellip;]<\/p>\n","protected":false},"author":1,"featured_media":0,"parent":0,"menu_order":0,"comment_status":"closed","ping_status":"closed","template":"","meta":{"footnotes":""},"class_list":["post-98","page","type-page","status-publish","hentry"],"_links":{"self":[{"href":"https:\/\/40zero.es\/fr\/wp-json\/wp\/v2\/pages\/98","targetHints":{"allow":["GET"]}}],"collection":[{"href":"https:\/\/40zero.es\/fr\/wp-json\/wp\/v2\/pages"}],"about":[{"href":"https:\/\/40zero.es\/fr\/wp-json\/wp\/v2\/types\/page"}],"author":[{"embeddable":true,"href":"https:\/\/40zero.es\/fr\/wp-json\/wp\/v2\/users\/1"}],"replies":[{"embeddable":true,"href":"https:\/\/40zero.es\/fr\/wp-json\/wp\/v2\/comments?post=98"}],"version-history":[{"count":2,"href":"https:\/\/40zero.es\/fr\/wp-json\/wp\/v2\/pages\/98\/revisions"}],"predecessor-version":[{"id":276,"href":"https:\/\/40zero.es\/fr\/wp-json\/wp\/v2\/pages\/98\/revisions\/276"}],"wp:attachment":[{"href":"https:\/\/40zero.es\/fr\/wp-json\/wp\/v2\/media?parent=98"}],"curies":[{"name":"wp","href":"https:\/\/api.w.org\/{rel}","templated":true}]}}